{"id":1245,"date":"2023-04-02T16:31:27","date_gmt":"2023-04-02T16:31:27","guid":{"rendered":"https:\/\/shop.danzazentrum.ch\/?post_type=product&#038;p=1245"},"modified":"2025-08-26T14:02:41","modified_gmt":"2025-08-26T14:02:41","slug":"move-and-dance-with-parkinson-2","status":"publish","type":"product","link":"https:\/\/shop.danzazentrum.ch\/?product=move-and-dance-with-parkinson-2","title":{"rendered":"Move and Dance with Parkinson"},"content":{"rendered":"<p>Die Parkinson-Krankheit (PD) ist eine fortschreitende neurodegenerative Erkrankung. H\u00e4ufige Symptome der Parkinson-Krankheit sind Ruhetremor, Bradykinesie, Steifheit, Maskengesicht und Gangschwierigkeiten Gangschwierigkeiten umfassen kurze und schlurfende Schritte, Festination und\/oder Einfrieren des Gangs, Schwierigkeiten beim Drehen oder R\u00fcckw\u00e4rtsgehen und eine beeintr\u00e4chtigte F\u00e4higkeit, beim Gehen zwei Aufgaben auszuf\u00fchren. Personen mit Parkinson haben auch ein erh\u00f6htes Sturzrisiko Medizinische Behandlungen f\u00fcr PD, einschlie\u00dflich Medikamente, gehen nicht vollst\u00e4ndig auf Gang- und Gleichgewichtsprobleme ein u,nd daher ist Bewegung zu einem wichtigen Bestandteil der Behandlung geworden. Vier Hauptschwerpunkte bei der Gestaltung von Trainingsprogrammen f\u00fcr Parkinson, sind:<br \/>\n\u2013 Cueing-Strategien zur Verbesserung des Gangs<br \/>\n\u2013 Kognitive Bewegungsstrategien zur Verbesserung von Transfers<br \/>\n\u2013 \u00dcbungen zur Verbesserung des Gleichgewichts<br \/>\n\u2013 Training der Gelenkbeweglichkeit und Muskelkraft zur Verbesserung der k\u00f6rperlichen Leistungsf\u00e4higkeit.<br \/>\nTanz adressiert jeden der zuvor erw\u00e4hnten Schl\u00fcsselbereiche auf folgende Weise:<br \/>\n\u2013 Die Verwendung von Musik zur Begleitung von Tanzbewegungen kann als externer Hinweis dienen, um die Bewegung zu erleichtern.<br \/>\n\u2013 Die Verwendung spezifischer Bewegungsstrategien beim Unterrichten von Tanzschritten.<br \/>\n\u2013 Die Notwendigkeit, das dynamische Gleichgewicht zu kontrollieren und auf St\u00f6rungen bei der Interaktion mit anderen Teilnehmern zu reagieren, erleichtert Gleichgewichts\u00fcbungen.<\/p>\n<p>Tanzen f\u00f6rdert Kraft und Flexibilit\u00e4t. Es kann auch die kardiovaskul\u00e4re Funktion verbessern, wenn es mit ausreichender Intensit\u00e4t durchgef\u00fchrt wird. Die erste Studie, die den potenziellen Nutzen des Tanzens f\u00fcr Personen mit Parkinson untersuchte, wurde Ende der 1980er Jahre von Westbrook et al. Vergleich von Tanz-\/Bewegungstherapie mit einem traditionellen Bewegungsprogramm \u00fcber einen Zeitraum von 6 Wochen. Seitdem haben mehrere randomisierte Kontrollstudien, systematische Reviews und Metaanalysen die Auswirkungen von Tanzinterventionen auf motorische und nicht-motorische Symptome von Parkinson untersucht<\/p>\n<p>Das 2001 in New York City durch die Mark Morris Dance Group gegr\u00fcndete Projekt Dance for PD\u00ae (Parkinson Disease) hat sich als anerkanntes Tanzkurs-Angebot f\u00fcr Parkinsonbetroffene aller Krankheitsstufen etabliert.<\/p>\n<p>Unter der Anleitung professioneller B\u00fchnent\u00e4nzerinnen werden t\u00e4nzerische Bewegungssequenzen im Sitzen, an der Barre und frei im Raum ausgef\u00fchrt, inspiriert von verschiedenen Stilrichtungen des B\u00fchnentanzes jeglicher Art.<\/p>\n","protected":false},"excerpt":{"rendered":"<p>Leiterin: Marielle Farr\u00e9<\/p>\n","protected":false},"featured_media":2172,"template":"","meta":[],"product_brand":[],"product_cat":[18],"product_tag":[],"class_list":{"0":"post-1245","1":"product","2":"type-product","3":"status-publish","4":"has-post-thumbnail","6":"product_cat-kurse-in-brugg","8":"first","9":"instock","10":"shipping-taxable","11":"purchasable","12":"product-type-variable"},"_links":{"self":[{"href":"https:\/\/shop.danzazentrum.ch\/index.php?rest_route=\/wp\/v2\/product\/1245","targetHints":{"allow":["GET"]}}],"collection":[{"href":"https:\/\/shop.danzazentrum.ch\/index.php?rest_route=\/wp\/v2\/product"}],"about":[{"href":"https:\/\/shop.danzazentrum.ch\/index.php?rest_route=\/wp\/v2\/types\/product"}],"version-history":[{"count":0,"href":"https:\/\/shop.danzazentrum.ch\/index.php?rest_route=\/wp\/v2\/product\/1245\/revisions"}],"wp:featuredmedia":[{"embeddable":true,"href":"https:\/\/shop.danzazentrum.ch\/index.php?rest_route=\/wp\/v2\/media\/2172"}],"wp:attachment":[{"href":"https:\/\/shop.danzazentrum.ch\/index.php?rest_route=%2Fwp%2Fv2%2Fmedia&parent=1245"}],"wp:term":[{"taxonomy":"product_brand","embeddable":true,"href":"https:\/\/shop.danzazentrum.ch\/index.php?rest_route=%2Fwp%2Fv2%2Fproduct_brand&post=1245"},{"taxonomy":"product_cat","embeddable":true,"href":"https:\/\/shop.danzazentrum.ch\/index.php?rest_route=%2Fwp%2Fv2%2Fproduct_cat&post=1245"},{"taxonomy":"product_tag","embeddable":true,"href":"https:\/\/shop.danzazentrum.ch\/index.php?rest_route=%2Fwp%2Fv2%2Fproduct_tag&post=1245"}],"curies":[{"name":"wp","href":"https:\/\/api.w.org\/{rel}","templated":true}]}}