{"id":1248,"date":"2023-04-02T16:38:34","date_gmt":"2023-04-02T16:38:34","guid":{"rendered":"https:\/\/shop.danzazentrum.ch\/?post_type=product&#038;p=1248"},"modified":"2025-11-08T16:55:19","modified_gmt":"2025-11-08T16:55:19","slug":"contemporary-mittelstufe","status":"publish","type":"product","link":"https:\/\/shop.danzazentrum.ch\/?product=contemporary-mittelstufe","title":{"rendered":"Contemporary Mittelstufe"},"content":{"rendered":"<p>Stark, geschmeidig, jazzig und unglaublich flexibel wirken die Bewegungen der Contemporary Dance Artists. Der zeitgen\u00f6ssische Tanz, der auch Contemporary genannt wird, setzt sich aus vielen verschiedenen Tanzrichtungen zusammen, welche auch einzeln in der Tanzschule unterrichtet werden k\u00f6nnen. Die Mischung aus Ballet-typischer Beinarbeit und starken, modernen Bewegungen im Oberk\u00f6rper ist ein typischer Charakterzug vom zeigen\u00f6ssischen Tanz. So wird das klassische Ballet der alten Tanzschulen mit Bewegungen aus Modern Dance, Jazz, Hip Hop und sogar dem japanischen Butoh gemischt. Zeitgen\u00f6sischer Tanz kann aufrecht getanzt werden, jedoch auch stark mit Floor Work ( Bodentanz) vereint werden. Die st\u00e4ndigen Positionswechsel und die durchg\u00e4ngige Bewegung erfordern sehr viel Ausdauer. Die starke Ausf\u00fchrung ausdrucksstarker Tanzbewegungen wird oft in der Tanzschule durch viele Geschicklichkeits- und Kraft\u00fcbungen erg\u00e4nzt gelehrt.<\/p>\n","protected":false},"excerpt":{"rendered":"<p>Der Preis beinhaltet 8 Lektionen. Das 8er-Abo muss innerhalb der Datumsfrist aufgebraucht werden, sonst verf\u00e4llt es!jederzeit kannst du deine ausgefallenen Stunden in jeder andren Lektion nachholen.<\/p>\n","protected":false},"featured_media":72,"template":"","meta":[],"product_brand":[],"product_cat":[18],"product_tag":[],"class_list":{"0":"post-1248","1":"product","2":"type-product","3":"status-publish","4":"has-post-thumbnail","6":"product_cat-kurse-in-brugg","8":"first","9":"instock","10":"shipping-taxable","11":"purchasable","12":"product-type-variable"},"_links":{"self":[{"href":"https:\/\/shop.danzazentrum.ch\/index.php?rest_route=\/wp\/v2\/product\/1248","targetHints":{"allow":["GET"]}}],"collection":[{"href":"https:\/\/shop.danzazentrum.ch\/index.php?rest_route=\/wp\/v2\/product"}],"about":[{"href":"https:\/\/shop.danzazentrum.ch\/index.php?rest_route=\/wp\/v2\/types\/product"}],"version-history":[{"count":0,"href":"https:\/\/shop.danzazentrum.ch\/index.php?rest_route=\/wp\/v2\/product\/1248\/revisions"}],"wp:featuredmedia":[{"embeddable":true,"href":"https:\/\/shop.danzazentrum.ch\/index.php?rest_route=\/wp\/v2\/media\/72"}],"wp:attachment":[{"href":"https:\/\/shop.danzazentrum.ch\/index.php?rest_route=%2Fwp%2Fv2%2Fmedia&parent=1248"}],"wp:term":[{"taxonomy":"product_brand","embeddable":true,"href":"https:\/\/shop.danzazentrum.ch\/index.php?rest_route=%2Fwp%2Fv2%2Fproduct_brand&post=1248"},{"taxonomy":"product_cat","embeddable":true,"href":"https:\/\/shop.danzazentrum.ch\/index.php?rest_route=%2Fwp%2Fv2%2Fproduct_cat&post=1248"},{"taxonomy":"product_tag","embeddable":true,"href":"https:\/\/shop.danzazentrum.ch\/index.php?rest_route=%2Fwp%2Fv2%2Fproduct_tag&post=1248"}],"curies":[{"name":"wp","href":"https:\/\/api.w.org\/{rel}","templated":true}]}}