{"id":1266,"date":"2023-04-02T17:08:36","date_gmt":"2023-04-02T17:08:36","guid":{"rendered":"https:\/\/shop.danzazentrum.ch\/?post_type=product&#038;p=1266"},"modified":"2026-01-18T10:16:24","modified_gmt":"2026-01-18T10:16:24","slug":"bungee-fly-2","status":"publish","type":"product","link":"https:\/\/shop.danzazentrum.ch\/?product=bungee-fly-2","title":{"rendered":"Bungee Fly \/ Fitness"},"content":{"rendered":"<p>Mit dem Bungee-Seil sind hunderte von unterschiedlichen \u00dcbungen m\u00f6glich, weshalb sich Bungee-Fitness sehr gut als Training f\u00fcr den gesamten K\u00f6rper macht. Zum Beispiel kannst du herk\u00f6mmliche \u00dcbungen wie Squats und Liegest\u00fctzen ausf\u00fchren ohne Probleme!\u2028Je nach Bewegungsablauf werden unterschiedliche K\u00f6rperteile \u2013 etwa Arme, Bauch oder Beine \u2013 durch die Schlingen des Seils gesteckt.\u2028 So wird die tiefsitzende Muskulatur aktiviert! Wer jetzt denkt, dass man anschliessend mit einem unertr\u00e4glichen Muskelkater rechnen muss, kann aufatmen: Dank der Federung der B\u00e4nder werden die Muskeln immer nur kurz beansprucht,\u2028 aber (bei idealem Training) kaum \u00fcberbeansprucht. Dieses Bungee-Fitnesstraining ist <strong>NICHT<\/strong> f\u00fcr alle geeignet. Bitte fragen sie uns an.<\/p>\n<p>Auch f\u00fcr Vereine, Gruppen und Polterabende oder Geburtstage in Worshops, anfragen<\/p>\n<p>Probelektion kostet 20.- falls eine Definitive Anmeldung stattfindet,wird der Betrag zur\u00fcckerstattet.<\/p>\n","protected":false},"excerpt":{"rendered":"<p>Der Preis beinhaltet 8 Lektionen. Das Abonnement muss innerhalb der Datumsfrist aufgebraucht werden, sonst verf\u00e4llt es!<\/p>\n<p>Probelektion kostet 20.- falls eine Definitive Anmeldung stattfindet,wird der Betrag zur\u00fcckerstattet.<br \/>\nLeiterin: Lucia Coronese<\/p>\n","protected":false},"featured_media":105,"template":"","meta":[],"product_brand":[],"product_cat":[18],"product_tag":[],"class_list":{"0":"post-1266","1":"product","2":"type-product","3":"status-publish","4":"has-post-thumbnail","6":"product_cat-kurse-in-brugg","8":"first","9":"instock","10":"shipping-taxable","11":"purchasable","12":"product-type-variable","13":"has-default-attributes"},"_links":{"self":[{"href":"https:\/\/shop.danzazentrum.ch\/index.php?rest_route=\/wp\/v2\/product\/1266","targetHints":{"allow":["GET"]}}],"collection":[{"href":"https:\/\/shop.danzazentrum.ch\/index.php?rest_route=\/wp\/v2\/product"}],"about":[{"href":"https:\/\/shop.danzazentrum.ch\/index.php?rest_route=\/wp\/v2\/types\/product"}],"version-history":[{"count":0,"href":"https:\/\/shop.danzazentrum.ch\/index.php?rest_route=\/wp\/v2\/product\/1266\/revisions"}],"wp:featuredmedia":[{"embeddable":true,"href":"https:\/\/shop.danzazentrum.ch\/index.php?rest_route=\/wp\/v2\/media\/105"}],"wp:attachment":[{"href":"https:\/\/shop.danzazentrum.ch\/index.php?rest_route=%2Fwp%2Fv2%2Fmedia&parent=1266"}],"wp:term":[{"taxonomy":"product_brand","embeddable":true,"href":"https:\/\/shop.danzazentrum.ch\/index.php?rest_route=%2Fwp%2Fv2%2Fproduct_brand&post=1266"},{"taxonomy":"product_cat","embeddable":true,"href":"https:\/\/shop.danzazentrum.ch\/index.php?rest_route=%2Fwp%2Fv2%2Fproduct_cat&post=1266"},{"taxonomy":"product_tag","embeddable":true,"href":"https:\/\/shop.danzazentrum.ch\/index.php?rest_route=%2Fwp%2Fv2%2Fproduct_tag&post=1266"}],"curies":[{"name":"wp","href":"https:\/\/api.w.org\/{rel}","templated":true}]}}