{"id":1459,"date":"2023-09-12T12:02:41","date_gmt":"2023-09-12T12:02:41","guid":{"rendered":"https:\/\/shop.danzazentrum.ch\/?post_type=product&#038;p=1459"},"modified":"2025-10-21T10:20:15","modified_gmt":"2025-10-21T10:20:15","slug":"urban-streetdance","status":"publish","type":"product","link":"https:\/\/shop.danzazentrum.ch\/?product=urban-streetdance","title":{"rendered":"Urban Streetdance"},"content":{"rendered":"<p>Urban Dance sind alle Tanzstile, die in urbanen Zusammenh\u00e4ngen entstanden sind. Dazu geh\u00f6ren z.B.\u00a0<b>Hip Hop , Breakdance, Popping, House u.v.m.<\/b> In diesem Unterricht stehen kraftvolle, energiegeladene Bewegungen neben, weichen, durchl\u00e4ssigen Elementen.Erste Klasse ist f\u00fcr Anf\u00e4nger 7 Jahre-10.Jahre und die zweite f\u00fcr Kids mit Erfahrung im Tanz ab 11-16 Jahre<\/p>\n<p>Viel Fun und Gruppendynamik sind die Basis f\u00fcr diesen tollen Kurs!<\/p>\n","protected":false},"excerpt":{"rendered":"<p>Urban Dance sind alle Tanzstile, die in urbanen Zusammenh\u00e4ngen entstanden sind. Dazu&#8230;<\/p>\n","protected":false},"featured_media":2242,"template":"","meta":[],"product_brand":[],"product_cat":[18],"product_tag":[],"class_list":{"0":"post-1459","1":"product","2":"type-product","3":"status-publish","4":"has-post-thumbnail","6":"product_cat-kurse-in-brugg","8":"first","9":"instock","10":"shipping-taxable","11":"purchasable","12":"product-type-variable"},"_links":{"self":[{"href":"https:\/\/shop.danzazentrum.ch\/index.php?rest_route=\/wp\/v2\/product\/1459","targetHints":{"allow":["GET"]}}],"collection":[{"href":"https:\/\/shop.danzazentrum.ch\/index.php?rest_route=\/wp\/v2\/product"}],"about":[{"href":"https:\/\/shop.danzazentrum.ch\/index.php?rest_route=\/wp\/v2\/types\/product"}],"version-history":[{"count":0,"href":"https:\/\/shop.danzazentrum.ch\/index.php?rest_route=\/wp\/v2\/product\/1459\/revisions"}],"wp:featuredmedia":[{"embeddable":true,"href":"https:\/\/shop.danzazentrum.ch\/index.php?rest_route=\/wp\/v2\/media\/2242"}],"wp:attachment":[{"href":"https:\/\/shop.danzazentrum.ch\/index.php?rest_route=%2Fwp%2Fv2%2Fmedia&parent=1459"}],"wp:term":[{"taxonomy":"product_brand","embeddable":true,"href":"https:\/\/shop.danzazentrum.ch\/index.php?rest_route=%2Fwp%2Fv2%2Fproduct_brand&post=1459"},{"taxonomy":"product_cat","embeddable":true,"href":"https:\/\/shop.danzazentrum.ch\/index.php?rest_route=%2Fwp%2Fv2%2Fproduct_cat&post=1459"},{"taxonomy":"product_tag","embeddable":true,"href":"https:\/\/shop.danzazentrum.ch\/index.php?rest_route=%2Fwp%2Fv2%2Fproduct_tag&post=1459"}],"curies":[{"name":"wp","href":"https:\/\/api.w.org\/{rel}","templated":true}]}}