{"id":2268,"date":"2025-11-08T16:56:30","date_gmt":"2025-11-08T16:56:30","guid":{"rendered":"https:\/\/shop.danzazentrum.ch\/?post_type=product&#038;p=2268"},"modified":"2025-11-08T17:13:09","modified_gmt":"2025-11-08T17:13:09","slug":"power-latin-full-body-workout-kopie","status":"publish","type":"product","link":"https:\/\/shop.danzazentrum.ch\/?product=power-latin-full-body-workout-kopie","title":{"rendered":"Power Latin &#038; Full Body Workout (Kopie)"},"content":{"rendered":"<p>In diesem Kurs erwartet Sie ein kreatives, vielf\u00e4ltiges, aber auch anstrengendes und schweisstreibendes Workout f\u00fcr den gesamten K\u00f6rper. Dabei wird vermehrt mit Bodyweight-\u00dcbungen gearbeitet, bei denen es keine weiteren Hilfsmittel ben\u00f6tigt als den eigenen K\u00f6rper. Aber auch Elemente eines klassischen Bauch-Beine-Po Workouts, Intervallmethoden, ebenso wie ein Mobility-Training, oder Kr\u00e4ftigungs\u00fcbungen mit diversen Kleinger\u00e4ten wie z.B. Kurzhanteln, Slider-Discs, Kettlebells, Resistance-B\u00e4ndern etc., finden in diesem Fitnesskurs ihren Platz. Der Fantasie bzw. den Trainingsmethoden sind in diesem Kurs also nahezu keine Grenzen gesetzt. Seien Sie also gespannt auf ein abwechslungsreiches und forderndes Total-Body-Workout. Der Mix aus Cardio- und Krafttraining macht nicht nur Spass, sondern kr\u00e4ftigt \/ strafft Ihren gesamten K\u00f6rper und bringt auch die Figur in Topform.<\/p>\n","protected":false},"excerpt":{"rendered":"<p>Leiterin: Simone Crosio<\/p>\n","protected":false},"featured_media":1227,"template":"","meta":[],"product_brand":[],"product_cat":[115],"product_tag":[],"class_list":{"0":"post-2268","1":"product","2":"type-product","3":"status-publish","4":"has-post-thumbnail","6":"product_cat-kursewohlen","8":"first","9":"instock","10":"shipping-taxable","11":"purchasable","12":"product-type-variable","13":"has-default-attributes"},"_links":{"self":[{"href":"https:\/\/shop.danzazentrum.ch\/index.php?rest_route=\/wp\/v2\/product\/2268","targetHints":{"allow":["GET"]}}],"collection":[{"href":"https:\/\/shop.danzazentrum.ch\/index.php?rest_route=\/wp\/v2\/product"}],"about":[{"href":"https:\/\/shop.danzazentrum.ch\/index.php?rest_route=\/wp\/v2\/types\/product"}],"version-history":[{"count":0,"href":"https:\/\/shop.danzazentrum.ch\/index.php?rest_route=\/wp\/v2\/product\/2268\/revisions"}],"wp:featuredmedia":[{"embeddable":true,"href":"https:\/\/shop.danzazentrum.ch\/index.php?rest_route=\/wp\/v2\/media\/1227"}],"wp:attachment":[{"href":"https:\/\/shop.danzazentrum.ch\/index.php?rest_route=%2Fwp%2Fv2%2Fmedia&parent=2268"}],"wp:term":[{"taxonomy":"product_brand","embeddable":true,"href":"https:\/\/shop.danzazentrum.ch\/index.php?rest_route=%2Fwp%2Fv2%2Fproduct_brand&post=2268"},{"taxonomy":"product_cat","embeddable":true,"href":"https:\/\/shop.danzazentrum.ch\/index.php?rest_route=%2Fwp%2Fv2%2Fproduct_cat&post=2268"},{"taxonomy":"product_tag","embeddable":true,"href":"https:\/\/shop.danzazentrum.ch\/index.php?rest_route=%2Fwp%2Fv2%2Fproduct_tag&post=2268"}],"curies":[{"name":"wp","href":"https:\/\/api.w.org\/{rel}","templated":true}]}}