{"id":917,"date":"2023-03-30T12:58:02","date_gmt":"2023-03-30T12:58:02","guid":{"rendered":"https:\/\/shop.danzazentrum.ch\/?post_type=product&#038;p=917"},"modified":"2025-10-20T11:38:28","modified_gmt":"2025-10-20T11:38:28","slug":"hip-hop-9-bis-13-jahre","status":"publish","type":"product","link":"https:\/\/shop.danzazentrum.ch\/?product=hip-hop-9-bis-13-jahre","title":{"rendered":"Hip Hop (10 bis 14 Jahre)"},"content":{"rendered":"<p>Hip-Hop ist kein eigener Tanzstil, sondern setzt sich aus vielen Stilen zusammen. Diese entstanden haupts\u00e4chlich in den 1960er und 1970er Jahren in den USA als Teil der Hip-Hop-Kultur.\u2028\u2028Die Kultur des Hip-Hop entwickelte sich in den \u00e4rmeren Stadtvierteln amerikanischer Gro\u00dfst\u00e4dte, wie zum Beispiel New York und Los Angeles. Afroamerikanische und puertoricanische Jugendliche erfanden eine neue Musikrichtung: den Hip-Hop. So genannte DJ\u2019s legten die neue Musik in den Stra\u00dfen auf. Die verschiedenen Tanzstile, wie Breakdance, Popping, Locking und viele andere, wurden deshalb zuerst auf der Stra\u00dfe getanzt und hatten keine festgelegten Regeln. Sie werden bis heute auch Streetdance genannt.<\/p>\n<p>In den 1980er Jahren wurde Hip-Hop auch bei wei\u00dfen Jugendlichen und in wohlhabenderen Teilen der USA immer beliebter. Der Film &#8222;Flashdance&#8220;, der 1983 erschien, machte die Hip-Hop-Tanzstile weltweit ber\u00fchmt. Etwa zur gleichen Zeit entstanden die ersten professionellen Hip-Hop-Tanzgruppen.\u2028\u2028Mittlerweile ist Hip-Hop-Tanzen ein eigener Sport geworden, auch in Deutschland bieten viele Tanzschulen Hip-Hop-Tanzkurse an. Verschiedene deutsche und internationale Verb\u00e4nde veranstalten au\u00dferdem regionale, Deutsche-, Europa- und Weltmeisterschaften, auf denen man sich alleine oder in Tanzcrews mit T\u00e4nzern aus aller Welt messen kann.<\/p>\n","protected":false},"excerpt":{"rendered":"<p>Der Preis beinhaltet 8 Lektionen. Das 8er-Abo muss innerhalb der Datumsfrist aufgebraucht werden, sonst verf\u00e4llt es!<br \/>\nLeiterin: Mariella Farr\u00e9<\/p>\n","protected":false},"featured_media":66,"template":"","meta":[],"product_brand":[],"product_cat":[115],"product_tag":[],"class_list":{"0":"post-917","1":"product","2":"type-product","3":"status-publish","4":"has-post-thumbnail","6":"product_cat-kursewohlen","8":"first","9":"instock","10":"shipping-taxable","11":"purchasable","12":"product-type-variable"},"_links":{"self":[{"href":"https:\/\/shop.danzazentrum.ch\/index.php?rest_route=\/wp\/v2\/product\/917","targetHints":{"allow":["GET"]}}],"collection":[{"href":"https:\/\/shop.danzazentrum.ch\/index.php?rest_route=\/wp\/v2\/product"}],"about":[{"href":"https:\/\/shop.danzazentrum.ch\/index.php?rest_route=\/wp\/v2\/types\/product"}],"version-history":[{"count":0,"href":"https:\/\/shop.danzazentrum.ch\/index.php?rest_route=\/wp\/v2\/product\/917\/revisions"}],"wp:featuredmedia":[{"embeddable":true,"href":"https:\/\/shop.danzazentrum.ch\/index.php?rest_route=\/wp\/v2\/media\/66"}],"wp:attachment":[{"href":"https:\/\/shop.danzazentrum.ch\/index.php?rest_route=%2Fwp%2Fv2%2Fmedia&parent=917"}],"wp:term":[{"taxonomy":"product_brand","embeddable":true,"href":"https:\/\/shop.danzazentrum.ch\/index.php?rest_route=%2Fwp%2Fv2%2Fproduct_brand&post=917"},{"taxonomy":"product_cat","embeddable":true,"href":"https:\/\/shop.danzazentrum.ch\/index.php?rest_route=%2Fwp%2Fv2%2Fproduct_cat&post=917"},{"taxonomy":"product_tag","embeddable":true,"href":"https:\/\/shop.danzazentrum.ch\/index.php?rest_route=%2Fwp%2Fv2%2Fproduct_tag&post=917"}],"curies":[{"name":"wp","href":"https:\/\/api.w.org\/{rel}","templated":true}]}}