{"id":921,"date":"2025-01-02T12:58:03","date_gmt":"2025-01-02T12:58:03","guid":{"rendered":"https:\/\/shop.danzazentrum.ch\/?post_type=product&#038;p=921"},"modified":"2025-10-20T11:01:27","modified_gmt":"2025-10-20T11:01:27","slug":"ballett-stufe-1","status":"publish","type":"product","link":"https:\/\/shop.danzazentrum.ch\/?product=ballett-stufe-1","title":{"rendered":"Ballett Stufe 1"},"content":{"rendered":"<p><strong>Was lernen Kinder beim Ballett?<\/strong><br \/>\nBeginnt man bereits in jungen Jahren ab 4 mit Ballett, st\u00e4rkt das die Ausdrucksf\u00e4higkeit, Koordination und Beweglichkeit des Kindes. Kinder lernen dabei,\u00a0sich in der Gruppe zu koordinieren, bewusst auf Musik zu achten und sich im Raum zu orientieren.<br \/>\nDer Ballettunterricht \u00fcbt auf viele Kleinkinder eine gro\u00dfe Faszination aus. Dies betrifft \u00fcbrigens nicht nur M\u00e4dchen, sondern auch Jungs.<br \/>\nBallett f\u00fcr Kinder ist jedoch mehr als nur ein wenig Tanz.\u00a0Um die Geschmeidigkeit professioneller Ballettt\u00e4nzer zu erreichen, ist jahrelanges Training notwendig.<\/p>\n","protected":false},"excerpt":{"rendered":"<p>Der Preis beinhaltet 8 Lektionen. Das 8er-Abo muss innerhalb der Datumsfrist aufgebraucht werden, sonst verf\u00e4llt es!<\/p>\n","protected":false},"featured_media":1309,"template":"","meta":[],"product_brand":[],"product_cat":[115],"product_tag":[],"class_list":{"0":"post-921","1":"product","2":"type-product","3":"status-publish","4":"has-post-thumbnail","6":"product_cat-kursewohlen","8":"first","9":"instock","10":"shipping-taxable","11":"purchasable","12":"product-type-variable"},"_links":{"self":[{"href":"https:\/\/shop.danzazentrum.ch\/index.php?rest_route=\/wp\/v2\/product\/921","targetHints":{"allow":["GET"]}}],"collection":[{"href":"https:\/\/shop.danzazentrum.ch\/index.php?rest_route=\/wp\/v2\/product"}],"about":[{"href":"https:\/\/shop.danzazentrum.ch\/index.php?rest_route=\/wp\/v2\/types\/product"}],"version-history":[{"count":0,"href":"https:\/\/shop.danzazentrum.ch\/index.php?rest_route=\/wp\/v2\/product\/921\/revisions"}],"wp:featuredmedia":[{"embeddable":true,"href":"https:\/\/shop.danzazentrum.ch\/index.php?rest_route=\/wp\/v2\/media\/1309"}],"wp:attachment":[{"href":"https:\/\/shop.danzazentrum.ch\/index.php?rest_route=%2Fwp%2Fv2%2Fmedia&parent=921"}],"wp:term":[{"taxonomy":"product_brand","embeddable":true,"href":"https:\/\/shop.danzazentrum.ch\/index.php?rest_route=%2Fwp%2Fv2%2Fproduct_brand&post=921"},{"taxonomy":"product_cat","embeddable":true,"href":"https:\/\/shop.danzazentrum.ch\/index.php?rest_route=%2Fwp%2Fv2%2Fproduct_cat&post=921"},{"taxonomy":"product_tag","embeddable":true,"href":"https:\/\/shop.danzazentrum.ch\/index.php?rest_route=%2Fwp%2Fv2%2Fproduct_tag&post=921"}],"curies":[{"name":"wp","href":"https:\/\/api.w.org\/{rel}","templated":true}]}}