{"id":930,"date":"2023-03-30T12:58:05","date_gmt":"2023-03-30T12:58:05","guid":{"rendered":"https:\/\/shop.danzazentrum.ch\/?post_type=product&#038;p=930"},"modified":"2025-04-21T11:31:53","modified_gmt":"2025-04-21T11:31:53","slug":"latin-kids","status":"publish","type":"product","link":"https:\/\/shop.danzazentrum.ch\/?product=latin-kids","title":{"rendered":"Latin Kids"},"content":{"rendered":"<p>Perfekt f\u00fcr unsere j\u00fcngeren Latin Zumba Fans! Kinder ab 7 \u00a0Jahren erhalten die M\u00f6glichkeit, sich k\u00f6rperlich zu bet\u00e4tigen und zu ihrer Lieblingsmusik zu tanzen.<\/p>\n<p><strong>So funktioniert\u2018s<\/strong><br \/>\nLatin Kids Kurse enthalten kinderfreundliche Choreos, die sich nach verschiedensten Choreos richten. Wir erkl\u00e4ren im Kurs die Schritte, machen Koordinations\u00fcbungen und lernen andere Kulturen kennen.<\/p>\n<p><strong>Vorteile<\/strong><br \/>\nHilft dabei, einen gesunden Lebensstil zu f\u00fchren und baut Fitness in den Alltag von Kindern ein, indem sie sehen, wie viel Spa\u00df das machen kann. Die Kurse beinhalten wichtige Elemente f\u00fcr die Entwicklung von Kindern wie zum Beispiel \u00dcbernehmen von F\u00fchrungsaufgaben, Respekt, Team-Work, Selbstvertrauen, Selbstwertgef\u00fchl, Ged\u00e4chtnistraining, Kreativit\u00e4t, Koordination, Kulturbewusstsein.<\/p>\n","protected":false},"excerpt":{"rendered":"<p><strong>Alter: ab 7 Jahr.\u00a0<\/strong><br \/>\nDer Preis beinhaltet 8 Lektionen. Das 8er-Abo muss innerhalb der Datumsfrist aufgebraucht werden, sonst verf\u00e4llt es!\u00a0Leiterin: Antonella Soranno<\/p>\n","protected":false},"featured_media":1490,"template":"","meta":[],"product_brand":[],"product_cat":[18],"product_tag":[],"class_list":{"0":"post-930","1":"product","2":"type-product","3":"status-publish","4":"has-post-thumbnail","6":"product_cat-kurse-in-brugg","8":"first","9":"instock","10":"shipping-taxable","11":"purchasable","12":"product-type-variable"},"_links":{"self":[{"href":"https:\/\/shop.danzazentrum.ch\/index.php?rest_route=\/wp\/v2\/product\/930","targetHints":{"allow":["GET"]}}],"collection":[{"href":"https:\/\/shop.danzazentrum.ch\/index.php?rest_route=\/wp\/v2\/product"}],"about":[{"href":"https:\/\/shop.danzazentrum.ch\/index.php?rest_route=\/wp\/v2\/types\/product"}],"version-history":[{"count":0,"href":"https:\/\/shop.danzazentrum.ch\/index.php?rest_route=\/wp\/v2\/product\/930\/revisions"}],"wp:featuredmedia":[{"embeddable":true,"href":"https:\/\/shop.danzazentrum.ch\/index.php?rest_route=\/wp\/v2\/media\/1490"}],"wp:attachment":[{"href":"https:\/\/shop.danzazentrum.ch\/index.php?rest_route=%2Fwp%2Fv2%2Fmedia&parent=930"}],"wp:term":[{"taxonomy":"product_brand","embeddable":true,"href":"https:\/\/shop.danzazentrum.ch\/index.php?rest_route=%2Fwp%2Fv2%2Fproduct_brand&post=930"},{"taxonomy":"product_cat","embeddable":true,"href":"https:\/\/shop.danzazentrum.ch\/index.php?rest_route=%2Fwp%2Fv2%2Fproduct_cat&post=930"},{"taxonomy":"product_tag","embeddable":true,"href":"https:\/\/shop.danzazentrum.ch\/index.php?rest_route=%2Fwp%2Fv2%2Fproduct_tag&post=930"}],"curies":[{"name":"wp","href":"https:\/\/api.w.org\/{rel}","templated":true}]}}