{"id":962,"date":"2023-03-30T12:58:23","date_gmt":"2023-03-30T12:58:23","guid":{"rendered":"https:\/\/shop.danzazentrum.ch\/?post_type=product&#038;p=962"},"modified":"2025-11-08T16:49:20","modified_gmt":"2025-11-08T16:49:20","slug":"newjazz","status":"publish","type":"product","link":"https:\/\/shop.danzazentrum.ch\/?product=newjazz","title":{"rendered":"Newjazz Contemporary"},"content":{"rendered":"<p>Seine Wurzeln hat der Tanzstil in Afrika. Die Sklaven, die nach Amerika kamen, f\u00fchrten dort ihre T\u00e4nze weiter und mischten diese mit Einfl\u00fcssen aus S\u00fcdamerika und den amerikanischen S\u00fcdstaaten. Jazz Dance wurde eine Unterhaltungsform in dem viele verschiedene Ideen integriert wurden. T\u00e4nze wie Charleston, Lindy Hop und Stepptanz sind aus dieser Tradition entsprungen und wurden anfangs von Jazz Dance nicht unterschieden.<br \/>\nFr\u00fcher wurde Jazz Dance zu Trommeln und sp\u00e4ter auch zu Jazzmusik getanzt, von der der Name stammte. Heute wird Jazz Dance allerdings h\u00e4ufig auch z. B. zu Pop-Musik, aktuellen Hits, Funk oder Hip-Hop getanzt. Jazz Dance kann heute sehr unterschiedlich aussehen. Das kommt daher, da der Jazz Dance heute mit verschiedenen modernen Stilen vermischt wird. In den 1950er Jahren wurde Jazztanz mit Ballett und Modern Dance kombiniert und wurde somit zu einem modernen B\u00fchnentanz mit hohem Anspruch. Wir reden heute z. B. von Begriffen wie \u00abModern Jazz\u00bb und \u00abLyrical Jazz\u00bb.<br \/>\nTypische Elemente des Jazz Dance sind Isolationsbewegungen und schnelle Bein und Fussbewegungen. Als Zuschauer hat man oft der Eindruck, dass die T\u00e4nzer mit den Bewegungen \u00abspielen\u00bb. Es wirkt sehr Lebhaft und energisch. Eine gute Anschauung finden wir in dem Musical \u00abWest Side Story\u00bb von Jerome Robbins, ein \u00abmuss\u00bb f\u00fcr jeden Jazz Dance Interessierten!<\/p>\n<p><strong>Jazz Dance-Stile<\/strong><br \/>\nGenau wie im Ballett baut der Jazz Dance heute auf einer speziellen Technik auf, bei der K\u00f6rperhaltung und Schritte gezielt geschult werden. Es gibt verschiedene Techniken oder Schulen, oft genannt nach den Gr\u00fcndern der jeweiligen Technik. Unter den ber\u00fchmtesten finden wir: Luigi-Technik. Horton-Technik, Jack Cole-Technik, Dunham-Technik und Mattox-Technik. Es gibt aber auch Lehrer die Elemente der verschiedenen Stile mischen. Zu den gr\u00f6ssten Pers\u00f6nlichkeiten des Jazz Dances geh\u00f6ren T\u00e4nzer wie Kathrin Dunham, Pearl Primus, Gene Kelly, Fred Astaire und Walter Nicks.<\/p>\n<p>Alvin Ailey, Jack Cole, Jerome Robbins, Luigi und Gus Giordano und Matt Mattox haben die Jazz Dance-Entwicklung in Europa stark beeinflusst. Jessica Iwanson aus Schweden spielt f\u00fcr die Jazz- und Modern-Tanzentwicklung in Deutschland eine entscheidende Rolle.<\/p>\n","protected":false},"excerpt":{"rendered":"<p>Der Preis beinhaltet 8 Lektionen. Das 8er-Abo muss innerhalb der Datumsfrist aufgebraucht werden, sonst verf\u00e4llt es!Ausf\u00e4lle deinerseits, kannst du in jeder andren Lektion nachholen.<br \/>\nLeiterin: Mariella<\/p>\n","protected":false},"featured_media":106,"template":"","meta":[],"product_brand":[],"product_cat":[115],"product_tag":[],"class_list":{"0":"post-962","1":"product","2":"type-product","3":"status-publish","4":"has-post-thumbnail","6":"product_cat-kursewohlen","8":"first","9":"instock","10":"shipping-taxable","11":"purchasable","12":"product-type-variable"},"_links":{"self":[{"href":"https:\/\/shop.danzazentrum.ch\/index.php?rest_route=\/wp\/v2\/product\/962","targetHints":{"allow":["GET"]}}],"collection":[{"href":"https:\/\/shop.danzazentrum.ch\/index.php?rest_route=\/wp\/v2\/product"}],"about":[{"href":"https:\/\/shop.danzazentrum.ch\/index.php?rest_route=\/wp\/v2\/types\/product"}],"version-history":[{"count":0,"href":"https:\/\/shop.danzazentrum.ch\/index.php?rest_route=\/wp\/v2\/product\/962\/revisions"}],"wp:featuredmedia":[{"embeddable":true,"href":"https:\/\/shop.danzazentrum.ch\/index.php?rest_route=\/wp\/v2\/media\/106"}],"wp:attachment":[{"href":"https:\/\/shop.danzazentrum.ch\/index.php?rest_route=%2Fwp%2Fv2%2Fmedia&parent=962"}],"wp:term":[{"taxonomy":"product_brand","embeddable":true,"href":"https:\/\/shop.danzazentrum.ch\/index.php?rest_route=%2Fwp%2Fv2%2Fproduct_brand&post=962"},{"taxonomy":"product_cat","embeddable":true,"href":"https:\/\/shop.danzazentrum.ch\/index.php?rest_route=%2Fwp%2Fv2%2Fproduct_cat&post=962"},{"taxonomy":"product_tag","embeddable":true,"href":"https:\/\/shop.danzazentrum.ch\/index.php?rest_route=%2Fwp%2Fv2%2Fproduct_tag&post=962"}],"curies":[{"name":"wp","href":"https:\/\/api.w.org\/{rel}","templated":true}]}}